{"id":614,"date":"2023-10-12T19:33:46","date_gmt":"2023-10-12T19:33:46","guid":{"rendered":"https:\/\/riosdechocolate.com\/?page_id=614"},"modified":"2023-10-15T18:14:24","modified_gmt":"2023-10-15T18:14:24","slug":"blog","status":"publish","type":"page","link":"https:\/\/riosdechocolate.com\/?page_id=614","title":{"rendered":"Blog"},"content":{"rendered":"","protected":false},"excerpt":{"rendered":"","protected":false},"author":2,"featured_media":0,"parent":0,"menu_order":0,"comment_status":"closed","ping_status":"closed","template":"","meta":{"_joinchat":[],"footnotes":""},"class_list":["post-614","page","type-page","status-publish","hentry"],"yoast_head":"<!-- This site is optimized with the Yoast SEO plugin v26.8 - https:\/\/yoast.com\/product\/yoast-seo-wordpress\/ -->\n<title>Blog - Rios de Chocolate<\/title>\n<meta name=\"robots\" content=\"index, follow, max-snippet:-1, max-image-preview:large, max-video-preview:-1\" \/>\n<link rel=\"canonical\" href=\"https:\/\/riosdechocolate.com\/?page_id=614\" \/>\n<meta property=\"og:locale\" content=\"es_ES\" \/>\n<meta property=\"og:type\" content=\"article\" \/>\n<meta property=\"og:title\" content=\"Blog - Rios de Chocolate\" \/>\n<meta property=\"og:url\" content=\"https:\/\/riosdechocolate.com\/?page_id=614\" \/>\n<meta property=\"og:site_name\" content=\"Rios de Chocolate\" \/>\n<meta property=\"article:modified_time\" content=\"2023-10-15T18:14:24+00:00\" \/>\n<meta name=\"twitter:card\" content=\"summary_large_image\" \/>\n<script type=\"application\/ld+json\" class=\"yoast-schema-graph\">{\"@context\":\"https:\/\/schema.org\",\"@graph\":[{\"@type\":[\"WebPage\",\"CollectionPage\"],\"@id\":\"https:\/\/riosdechocolate.com\/?page_id=614\",\"url\":\"https:\/\/riosdechocolate.com\/?page_id=614\",\"name\":\"Blog - Rios de Chocolate\",\"isPartOf\":{\"@id\":\"https:\/\/riosdechocolate.com\/#website\"},\"datePublished\":\"2023-10-12T19:33:46+00:00\",\"dateModified\":\"2023-10-15T18:14:24+00:00\",\"breadcrumb\":{\"@id\":\"https:\/\/riosdechocolate.com\/?page_id=614#breadcrumb\"},\"inLanguage\":\"es\"},{\"@type\":\"BreadcrumbList\",\"@id\":\"https:\/\/riosdechocolate.com\/?page_id=614#breadcrumb\",\"itemListElement\":[{\"@type\":\"ListItem\",\"position\":1,\"name\":\"Portada\",\"item\":\"https:\/\/riosdechocolate.com\/\"},{\"@type\":\"ListItem\",\"position\":2,\"name\":\"Blog\"}]},{\"@type\":\"WebSite\",\"@id\":\"https:\/\/riosdechocolate.com\/#website\",\"url\":\"https:\/\/riosdechocolate.com\/\",\"name\":\"Rios de Chocolate\",\"description\":\"\u201cR\u00cdOS DE CHOCOLATE es un chocolate de mesa artesanal nacido en las tierras f\u00e9rtiles de Rionegro, Santander. Elaborado con cacao 100% colombiano, conserva la tradici\u00f3n y el sabor aut\u00e9ntico que une familias alrededor de una taza caliente llena de historia, amor y energ\u00eda.\u201d\",\"potentialAction\":[{\"@type\":\"SearchAction\",\"target\":{\"@type\":\"EntryPoint\",\"urlTemplate\":\"https:\/\/riosdechocolate.com\/?s={search_term_string}\"},\"query-input\":{\"@type\":\"PropertyValueSpecification\",\"valueRequired\":true,\"valueName\":\"search_term_string\"}}],\"inLanguage\":\"es\"}]}<\/script>\n<!-- \/ Yoast SEO plugin. -->","yoast_head_json":{"title":"Blog - Rios de Chocolate","robots":{"index":"index","follow":"follow","max-snippet":"max-snippet:-1","max-image-preview":"max-image-preview:large","max-video-preview":"max-video-preview:-1"},"canonical":"https:\/\/riosdechocolate.com\/?page_id=614","og_locale":"es_ES","og_type":"article","og_title":"Blog - Rios de Chocolate","og_url":"https:\/\/riosdechocolate.com\/?page_id=614","og_site_name":"Rios de Chocolate","article_modified_time":"2023-10-15T18:14:24+00:00","twitter_card":"summary_large_image","schema":{"@context":"https:\/\/schema.org","@graph":[{"@type":["WebPage","CollectionPage"],"@id":"https:\/\/riosdechocolate.com\/?page_id=614","url":"https:\/\/riosdechocolate.com\/?page_id=614","name":"Blog - Rios de Chocolate","isPartOf":{"@id":"https:\/\/riosdechocolate.com\/#website"},"datePublished":"2023-10-12T19:33:46+00:00","dateModified":"2023-10-15T18:14:24+00:00","breadcrumb":{"@id":"https:\/\/riosdechocolate.com\/?page_id=614#breadcrumb"},"inLanguage":"es"},{"@type":"BreadcrumbList","@id":"https:\/\/riosdechocolate.com\/?page_id=614#breadcrumb","itemListElement":[{"@type":"ListItem","position":1,"name":"Portada","item":"https:\/\/riosdechocolate.com\/"},{"@type":"ListItem","position":2,"name":"Blog"}]},{"@type":"WebSite","@id":"https:\/\/riosdechocolate.com\/#website","url":"https:\/\/riosdechocolate.com\/","name":"Rios de Chocolate","description":"\u201cR\u00cdOS DE CHOCOLATE es un chocolate de mesa artesanal nacido en las tierras f\u00e9rtiles de Rionegro, Santander. Elaborado con cacao 100% colombiano, conserva la tradici\u00f3n y el sabor aut\u00e9ntico que une familias alrededor de una taza caliente llena de historia, amor y energ\u00eda.\u201d","potentialAction":[{"@type":"SearchAction","target":{"@type":"EntryPoint","urlTemplate":"https:\/\/riosdechocolate.com\/?s={search_term_string}"},"query-input":{"@type":"PropertyValueSpecification","valueRequired":true,"valueName":"search_term_string"}}],"inLanguage":"es"}]}},"_links":{"self":[{"href":"https:\/\/riosdechocolate.com\/index.php?rest_route=\/wp\/v2\/pages\/614","targetHints":{"allow":["GET"]}}],"collection":[{"href":"https:\/\/riosdechocolate.com\/index.php?rest_route=\/wp\/v2\/pages"}],"about":[{"href":"https:\/\/riosdechocolate.com\/index.php?rest_route=\/wp\/v2\/types\/page"}],"author":[{"embeddable":true,"href":"https:\/\/riosdechocolate.com\/index.php?rest_route=\/wp\/v2\/users\/2"}],"replies":[{"embeddable":true,"href":"https:\/\/riosdechocolate.com\/index.php?rest_route=%2Fwp%2Fv2%2Fcomments&post=614"}],"version-history":[{"count":0,"href":"https:\/\/riosdechocolate.com\/index.php?rest_route=\/wp\/v2\/pages\/614\/revisions"}],"wp:attachment":[{"href":"https:\/\/riosdechocolate.com\/index.php?rest_route=%2Fwp%2Fv2%2Fmedia&parent=614"}],"curies":[{"name":"wp","href":"https:\/\/api.w.org\/{rel}","templated":true}]}}