{"id":69,"date":"2023-09-22T12:46:55","date_gmt":"2023-09-22T12:46:55","guid":{"rendered":"https:\/\/riosdechocolate.com\/?page_id=69"},"modified":"2025-08-19T12:22:59","modified_gmt":"2025-08-19T12:22:59","slug":"contactanos","status":"publish","type":"page","link":"https:\/\/riosdechocolate.com\/?page_id=69","title":{"rendered":"Cont\u00e1ctanos"},"content":{"rendered":"\t\t<div data-elementor-type=\"wp-page\" data-elementor-id=\"69\" class=\"elementor elementor-69\" data-elementor-post-type=\"page\">\n\t\t\t\t\t\t<section class=\"elementor-section elementor-top-section elementor-element elementor-element-12ff661 elementor-section-full_width elementor-section-height-min-height elementor-section-height-default elementor-section-items-middle\" data-id=\"12ff661\" data-element_type=\"section\" data-e-type=\"section\" data-settings=\"{&quot;background_background&quot;:&quot;classic&quot;}\">\n\t\t\t\t\t\t<div class=\"elementor-container elementor-column-gap-default\">\n\t\t\t\t\t<div class=\"elementor-column elementor-col-100 elementor-top-column elementor-element elementor-element-c47fb34\" data-id=\"c47fb34\" data-element_type=\"column\" data-e-type=\"column\">\n\t\t\t<div class=\"elementor-widget-wrap\">\n\t\t\t\t\t\t\t<\/div>\n\t\t<\/div>\n\t\t\t\t\t<\/div>\n\t\t<\/section>\n\t\t\t\t<section class=\"elementor-section elementor-top-section elementor-element elementor-element-991c124 elementor-section-boxed elementor-section-height-default elementor-section-height-default\" data-id=\"991c124\" data-element_type=\"section\" data-e-type=\"section\">\n\t\t\t\t\t\t<div class=\"elementor-container elementor-column-gap-default\">\n\t\t\t\t\t<div class=\"elementor-column elementor-col-100 elementor-top-column elementor-element elementor-element-c913ddc\" data-id=\"c913ddc\" data-element_type=\"column\" data-e-type=\"column\">\n\t\t\t<div class=\"elementor-widget-wrap elementor-element-populated\">\n\t\t\t\t\t\t<div class=\"elementor-element elementor-element-342e4d9 elementor-widget elementor-widget-text-editor\" data-id=\"342e4d9\" data-element_type=\"widget\" data-e-type=\"widget\" data-widget_type=\"text-editor.default\">\n\t\t\t\t<div class=\"elementor-widget-container\">\n\t\t\t\t\t\t\t\t\t<h3 style=\"text-align: center;\"><span style=\"color: #000000;\"><b>\u00bfNecesita m\u00e1s informaci\u00f3n ?<\/b><\/span><\/h3><h5><span style=\"color: #333333;\">Complete el formulario\u00a0 a continuaci\u00f3n \u00f3 haga click <\/span><span style=\"text-decoration: underline;\"><a href=\"https:\/\/api.whatsapp.com\/send\/?phone=573158414955&amp;text=Hola+Rios+de+Chocolate+%20SAS+Quiero+m%C3%A1s+informaci%C3%B3n+acerca+de+sus+productos+y\/o+servicios+&amp;type=phone_number&amp;app_absent=0\"><span style=\"color: #800000; text-decoration: underline;\">AQU\u00cd<\/span><\/a><\/span> <span style=\"color: #333333;\">para escribir directamente a nuestro <\/span><span style=\"text-decoration: underline;\"><span style=\"color: #800000;\"><a style=\"color: #800000; text-decoration: underline;\" href=\"https:\/\/api.whatsapp.com\/send\/?phone=573158414955&amp;text=Hola+Rios+de+Chocolate+%20SAS+Quiero+m%C3%A1s+informaci%C3%B3n+acerca+de+sus+productos+&amp;type=phone_number&amp;app_absent=0\">WhatsApp<\/a><\/span><\/span><\/h5>\t\t\t\t\t\t\t\t<\/div>\n\t\t\t\t<\/div>\n\t\t\t\t\t<\/div>\n\t\t<\/div>\n\t\t\t\t\t<\/div>\n\t\t<\/section>\n\t\t\t\t<section class=\"elementor-section elementor-top-section elementor-element elementor-element-6b85872 elementor-section-boxed elementor-section-height-default elementor-section-height-default\" data-id=\"6b85872\" data-element_type=\"section\" data-e-type=\"section\">\n\t\t\t\t\t\t<div class=\"elementor-container elementor-column-gap-default\">\n\t\t\t\t\t<div class=\"elementor-column elementor-col-100 elementor-top-column elementor-element elementor-element-87856d7\" data-id=\"87856d7\" data-element_type=\"column\" data-e-type=\"column\">\n\t\t\t<div class=\"elementor-widget-wrap elementor-element-populated\">\n\t\t\t\t\t\t<div class=\"elementor-element elementor-element-0eb8d2d elementor-widget elementor-widget-text-editor\" data-id=\"0eb8d2d\" data-element_type=\"widget\" data-e-type=\"widget\" data-widget_type=\"text-editor.default\">\n\t\t\t\t<div class=\"elementor-widget-container\">\n\t\t\t\t\t\t\t\t\t<p style=\"text-align: center;\">FORMULARIO DE CONTACTO<\/p>\t\t\t\t\t\t\t\t<\/div>\n\t\t\t\t<\/div>\n\t\t\t\t\t<\/div>\n\t\t<\/div>\n\t\t\t\t\t<\/div>\n\t\t<\/section>\n\t\t\t\t<section class=\"elementor-section elementor-top-section elementor-element elementor-element-0e18784 elementor-section-boxed elementor-section-height-default elementor-section-height-default\" data-id=\"0e18784\" data-element_type=\"section\" data-e-type=\"section\">\n\t\t\t\t\t\t<div class=\"elementor-container elementor-column-gap-default\">\n\t\t\t\t\t<div class=\"elementor-column elementor-col-100 elementor-top-column elementor-element elementor-element-4eb943c\" data-id=\"4eb943c\" data-element_type=\"column\" data-e-type=\"column\">\n\t\t\t<div class=\"elementor-widget-wrap elementor-element-populated\">\n\t\t\t\t\t\t<div class=\"elementor-element elementor-element-2e1daf1 elementor-button-align-center elementor-widget elementor-widget-form\" data-id=\"2e1daf1\" data-element_type=\"widget\" data-e-type=\"widget\" data-settings=\"{&quot;step_next_label&quot;:&quot;Next&quot;,&quot;step_previous_label&quot;:&quot;Previous&quot;,&quot;button_width&quot;:&quot;100&quot;,&quot;step_type&quot;:&quot;number_text&quot;,&quot;step_icon_shape&quot;:&quot;circle&quot;}\" data-widget_type=\"form.default\">\n\t\t\t\t<div class=\"elementor-widget-container\">\n\t\t\t\t\t\t\t<form class=\"elementor-form\" method=\"post\" name=\"New Form\" aria-label=\"New Form\">\n\t\t\t<input type=\"hidden\" name=\"post_id\" value=\"69\"\/>\n\t\t\t<input type=\"hidden\" name=\"form_id\" value=\"2e1daf1\"\/>\n\t\t\t<input type=\"hidden\" name=\"referer_title\" value=\"Cont\u00e1ctanos - Rios de Chocolate\" \/>\n\n\t\t\t\t\t\t\t<input type=\"hidden\" name=\"queried_id\" value=\"69\"\/>\n\t\t\t\n\t\t\t<div class=\"elementor-form-fields-wrapper elementor-labels-above\">\n\t\t\t\t\t\t\t\t<div class=\"elementor-field-type-text elementor-field-group elementor-column elementor-field-group-name elementor-col-100\">\n\t\t\t\t\t\t\t\t\t\t\t\t\t<input size=\"1\" type=\"text\" name=\"form_fields[name]\" id=\"form-field-name\" class=\"elementor-field elementor-size-sm  elementor-field-textual\" placeholder=\"Nombre y Apellido\">\n\t\t\t\t\t\t\t\t\t\t\t<\/div>\n\t\t\t\t\t\t\t\t<div class=\"elementor-field-type-email elementor-field-group elementor-column elementor-field-group-email elementor-col-100 elementor-field-required\">\n\t\t\t\t\t\t\t\t\t\t\t\t\t<input size=\"1\" type=\"email\" name=\"form_fields[email]\" id=\"form-field-email\" class=\"elementor-field elementor-size-sm  elementor-field-textual\" placeholder=\"Email\" required=\"required\">\n\t\t\t\t\t\t\t\t\t\t\t<\/div>\n\t\t\t\t\t\t\t\t<div class=\"elementor-field-type-textarea elementor-field-group elementor-column elementor-field-group-message elementor-col-100\">\n\t\t\t\t\t<textarea class=\"elementor-field-textual elementor-field  elementor-size-sm\" name=\"form_fields[message]\" id=\"form-field-message\" rows=\"4\" placeholder=\"Mensaje...\"><\/textarea>\t\t\t\t<\/div>\n\t\t\t\t\t\t\t\t<div class=\"elementor-field-type-recaptcha elementor-field-group elementor-column elementor-field-group-field_1c00036 elementor-col-100\">\n\t\t\t\t\t<div class=\"elementor-field\" id=\"form-field-field_1c00036\"><div class=\"elementor-g-recaptcha\" data-sitekey=\"6Lfp-1ooAAAAADgyMHFrNhKT187c6O0c8F1UA1Mn\" data-type=\"v2_checkbox\" data-theme=\"light\" data-size=\"compact\"><\/div><\/div>\t\t\t\t<\/div>\n\t\t\t\t\t\t\t\t<div class=\"elementor-field-type-checkbox elementor-field-group elementor-column elementor-field-group-field_736f676 elementor-col-100\">\n\t\t\t\t\t<div class=\"elementor-field-subgroup  elementor-subgroup-inline\"><span class=\"elementor-field-option\"><input type=\"checkbox\" value=\"He le\u00eddo y acepto las &lt;a href=&quot;https:\/\/riosdechocolate.com\/index.php\/politica-de-privacidad\/&quot; target=&quot;_blank&quot;&gt;pol\u00edticas de privacidad&lt;\/a&gt;.\" id=\"form-field-field_736f676-0\" name=\"form_fields[field_736f676]\"> <label for=\"form-field-field_736f676-0\">He le\u00eddo y acepto las <a href=\"https:\/\/riosdechocolate.com\/index.php\/politica-de-privacidad\/\" target=\"_blank\">pol\u00edticas de privacidad<\/a>.<\/label><\/span><\/div>\t\t\t\t<\/div>\n\t\t\t\t\t\t\t\t<div class=\"elementor-field-group elementor-column elementor-field-type-submit elementor-col-100 e-form__buttons\">\n\t\t\t\t\t<button class=\"elementor-button elementor-size-sm elementor-animation-grow\" type=\"submit\">\n\t\t\t\t\t\t<span class=\"elementor-button-content-wrapper\">\n\t\t\t\t\t\t\t\t\t\t\t\t\t\t\t<span class=\"elementor-button-icon\">\n\t\t\t\t\t\t\t\t\t<i aria-hidden=\"true\" class=\"fas fa-envelope\"><\/i>\t\t\t\t\t\t\t\t\t\t\t\t\t\t\t\t\t<\/span>\n\t\t\t\t\t\t\t\t\t\t\t\t\t\t\t\t\t\t\t\t\t\t<span class=\"elementor-button-text\">Enviar<\/span>\n\t\t\t\t\t\t\t\t\t\t\t\t\t<\/span>\n\t\t\t\t\t<\/button>\n\t\t\t\t<\/div>\n\t\t\t<\/div>\n\t\t<\/form>\n\t\t\t\t\t\t<\/div>\n\t\t\t\t<\/div>\n\t\t\t\t\t<\/div>\n\t\t<\/div>\n\t\t\t\t\t<\/div>\n\t\t<\/section>\n\t\t\t\t<section class=\"elementor-section elementor-top-section elementor-element elementor-element-ef275ba elementor-section-boxed elementor-section-height-default elementor-section-height-default\" data-id=\"ef275ba\" data-element_type=\"section\" data-e-type=\"section\">\n\t\t\t\t\t\t<div class=\"elementor-container elementor-column-gap-default\">\n\t\t\t\t\t<div class=\"elementor-column elementor-col-25 elementor-top-column elementor-element elementor-element-0c8f36b\" data-id=\"0c8f36b\" data-element_type=\"column\" data-e-type=\"column\">\n\t\t\t<div class=\"elementor-widget-wrap\">\n\t\t\t\t\t\t\t<\/div>\n\t\t<\/div>\n\t\t\t\t<div class=\"elementor-column elementor-col-50 elementor-top-column elementor-element elementor-element-a6043fa\" data-id=\"a6043fa\" data-element_type=\"column\" data-e-type=\"column\">\n\t\t\t<div class=\"elementor-widget-wrap elementor-element-populated\">\n\t\t\t\t\t\t<div class=\"elementor-element elementor-element-f84de7c elementor-widget elementor-widget-text-editor\" data-id=\"f84de7c\" data-element_type=\"widget\" data-e-type=\"widget\" data-widget_type=\"text-editor.default\">\n\t\t\t\t<div class=\"elementor-widget-container\">\n\t\t\t\t\t\t\t\t\t<h6 style=\"font-family: var( --e-global-typography-primary-font-family ), Sans-serif; font-weight: var( --e-global-typography-primary-font-weight ); color: #5e5e5e; text-align: justify;\" data-elementor-setting-key=\"title\" data-pen-placeholder=\"Teclea aqu\u00ed...\">Complete el siguiente formulario y le contactaremos lo antes posible a trav\u00e9s de su correo electr\u00f3nico. Est\u00e9 atento(a) a su bandeja de entrada.<\/h6>\t\t\t\t\t\t\t\t<\/div>\n\t\t\t\t<\/div>\n\t\t\t\t\t<\/div>\n\t\t<\/div>\n\t\t\t\t<div class=\"elementor-column elementor-col-25 elementor-top-column elementor-element elementor-element-190cbf3\" data-id=\"190cbf3\" data-element_type=\"column\" data-e-type=\"column\">\n\t\t\t<div class=\"elementor-widget-wrap\">\n\t\t\t\t\t\t\t<\/div>\n\t\t<\/div>\n\t\t\t\t\t<\/div>\n\t\t<\/section>\n\t\t\t\t<section class=\"elementor-section elementor-top-section elementor-element elementor-element-d8d769b elementor-section-boxed elementor-section-height-default elementor-section-height-default\" data-id=\"d8d769b\" data-element_type=\"section\" data-e-type=\"section\">\n\t\t\t\t\t\t<div class=\"elementor-container elementor-column-gap-default\">\n\t\t\t\t\t<div class=\"elementor-column elementor-col-100 elementor-top-column elementor-element elementor-element-5ed47f0\" data-id=\"5ed47f0\" data-element_type=\"column\" data-e-type=\"column\" data-settings=\"{&quot;background_background&quot;:&quot;classic&quot;}\">\n\t\t\t<div class=\"elementor-widget-wrap elementor-element-populated\">\n\t\t\t\t\t\t<div class=\"elementor-element elementor-element-d5bce1f elementor-widget-divider--view-line_text elementor-widget-divider--element-align-center elementor-widget elementor-widget-divider\" data-id=\"d5bce1f\" data-element_type=\"widget\" data-e-type=\"widget\" data-widget_type=\"divider.default\">\n\t\t\t\t<div class=\"elementor-widget-container\">\n\t\t\t\t\t\t\t<div class=\"elementor-divider\">\n\t\t\t<span class=\"elementor-divider-separator\">\n\t\t\t\t\t\t\t<span class=\"elementor-divider__text elementor-divider__element\">\n\t\t\t\t<b>Datos de contacto:<\/b>\t\t\t\t<\/span>\n\t\t\t\t\t\t<\/span>\n\t\t<\/div>\n\t\t\t\t\t\t<\/div>\n\t\t\t\t<\/div>\n\t\t\t\t\t<\/div>\n\t\t<\/div>\n\t\t\t\t\t<\/div>\n\t\t<\/section>\n\t\t\t\t<section class=\"elementor-section elementor-top-section elementor-element elementor-element-8a70c52 elementor-section-boxed elementor-section-height-default elementor-section-height-default\" data-id=\"8a70c52\" data-element_type=\"section\" data-e-type=\"section\">\n\t\t\t\t\t\t<div class=\"elementor-container elementor-column-gap-default\">\n\t\t\t\t\t<div class=\"elementor-column elementor-col-100 elementor-top-column elementor-element elementor-element-76c6c59\" data-id=\"76c6c59\" data-element_type=\"column\" data-e-type=\"column\">\n\t\t\t<div class=\"elementor-widget-wrap elementor-element-populated\">\n\t\t\t\t\t\t<div class=\"elementor-element elementor-element-6174118 elementor-widget elementor-widget-text-editor\" data-id=\"6174118\" data-element_type=\"widget\" data-e-type=\"widget\" data-widget_type=\"text-editor.default\">\n\t\t\t\t<div class=\"elementor-widget-container\">\n\t\t\t\t\t\t\t\t\t<p style=\"text-align: center;\"><span style=\"background-color: transparent; color: var( --e-global-color-text ); font-family: var( --e-global-typography-text-font-family ), Sans-serif; font-weight: var( --e-global-typography-text-font-weight );\"><strong>Correo<\/strong> <strong>Electr\u00f3nico<\/strong>: joaquinriosdechocolate@gmail.com<\/span><\/p><p style=\"text-align: center;\"><span style=\"background-color: transparent; font-weight: var( --e-global-typography-text-font-weight ); font-family: var( --e-global-typography-text-font-family ), Sans-serif; color: var( --e-global-color-text );\">Contactenos por Whatsapp o llamada telef\u00f3nica al: +57 320 3972637, +57 315 3265220\u00a0 \u00f3 haga click<\/span><span style=\"background-color: transparent; font-family: var( --e-global-typography-text-font-family ), Sans-serif; font-weight: var( --e-global-typography-text-font-weight ); color: #800000;\"> <em><strong><a style=\"color: #800000;\" href=\"https:\/\/api.whatsapp.com\/send\/?phone=573203972637&amp;text=Hola+Rios+de+Chocolate+%20SAS+Quiero+m%C3%A1s+informaci%C3%B3n+acerca+de+sus+productos+y\/o+servicios+&amp;type=phone_number&amp;app_absent=0\">AQUI<\/a><\/strong><\/em><\/span><\/p>\t\t\t\t\t\t\t\t<\/div>\n\t\t\t\t<\/div>\n\t\t\t\t\t<\/div>\n\t\t<\/div>\n\t\t\t\t\t<\/div>\n\t\t<\/section>\n\t\t\t\t<section class=\"elementor-section elementor-top-section elementor-element elementor-element-f17b6cb elementor-section-boxed elementor-section-height-default elementor-section-height-default\" data-id=\"f17b6cb\" data-element_type=\"section\" data-e-type=\"section\">\n\t\t\t\t\t\t<div class=\"elementor-container elementor-column-gap-default\">\n\t\t\t\t\t<div class=\"elementor-column elementor-col-100 elementor-top-column elementor-element elementor-element-c09bfea\" data-id=\"c09bfea\" data-element_type=\"column\" data-e-type=\"column\">\n\t\t\t<div class=\"elementor-widget-wrap elementor-element-populated\">\n\t\t\t\t\t\t<div class=\"elementor-element elementor-element-88efc94 elementor-widget elementor-widget-spacer\" data-id=\"88efc94\" data-element_type=\"widget\" data-e-type=\"widget\" data-widget_type=\"spacer.default\">\n\t\t\t\t<div class=\"elementor-widget-container\">\n\t\t\t\t\t\t\t<div class=\"elementor-spacer\">\n\t\t\t<div class=\"elementor-spacer-inner\"><\/div>\n\t\t<\/div>\n\t\t\t\t\t\t<\/div>\n\t\t\t\t<\/div>\n\t\t\t\t\t<\/div>\n\t\t<\/div>\n\t\t\t\t\t<\/div>\n\t\t<\/section>\n\t\t\t\t<\/div>\n\t\t","protected":false},"excerpt":{"rendered":"<p>\u00bfNecesita m\u00e1s informaci\u00f3n ? Complete el formulario\u00a0 a continuaci\u00f3n \u00f3 haga click AQU\u00cd para escribir directamente a nuestro WhatsApp FORMULARIO DE CONTACTO Complete el siguiente formulario y le contactaremos lo antes posible a trav\u00e9s de su correo electr\u00f3nico. Est\u00e9 atento(a) a su bandeja de entrada. Datos de contacto: Correo Electr\u00f3nico: joaquinriosdechocolate@gmail.com Contactenos por Whatsapp o [&hellip;]<\/p>\n","protected":false},"author":2,"featured_media":0,"parent":0,"menu_order":0,"comment_status":"closed","ping_status":"closed","template":"","meta":{"_joinchat":[],"footnotes":""},"class_list":["post-69","page","type-page","status-publish","hentry"],"yoast_head":"<!-- This site is optimized with the Yoast SEO plugin v26.8 - https:\/\/yoast.com\/product\/yoast-seo-wordpress\/ -->\n<title>Cont\u00e1ctanos - Rios de Chocolate<\/title>\n<meta name=\"robots\" content=\"index, follow, max-snippet:-1, max-image-preview:large, max-video-preview:-1\" \/>\n<link rel=\"canonical\" href=\"https:\/\/riosdechocolate.com\/?page_id=69\" \/>\n<meta property=\"og:locale\" content=\"es_ES\" \/>\n<meta property=\"og:type\" content=\"article\" \/>\n<meta property=\"og:title\" content=\"Cont\u00e1ctanos - Rios de Chocolate\" \/>\n<meta property=\"og:description\" content=\"\u00bfNecesita m\u00e1s informaci\u00f3n ? Complete el formulario\u00a0 a continuaci\u00f3n \u00f3 haga click AQU\u00cd para escribir directamente a nuestro WhatsApp FORMULARIO DE CONTACTO Complete el siguiente formulario y le contactaremos lo antes posible a trav\u00e9s de su correo electr\u00f3nico. Est\u00e9 atento(a) a su bandeja de entrada. Datos de contacto: Correo Electr\u00f3nico: joaquinriosdechocolate@gmail.com Contactenos por Whatsapp o [&hellip;]\" \/>\n<meta property=\"og:url\" content=\"https:\/\/riosdechocolate.com\/?page_id=69\" \/>\n<meta property=\"og:site_name\" content=\"Rios de Chocolate\" \/>\n<meta property=\"article:modified_time\" content=\"2025-08-19T12:22:59+00:00\" \/>\n<meta name=\"twitter:card\" content=\"summary_large_image\" \/>\n<script type=\"application\/ld+json\" class=\"yoast-schema-graph\">{\"@context\":\"https:\/\/schema.org\",\"@graph\":[{\"@type\":\"WebPage\",\"@id\":\"https:\/\/riosdechocolate.com\/?page_id=69\",\"url\":\"https:\/\/riosdechocolate.com\/?page_id=69\",\"name\":\"Cont\u00e1ctanos - Rios de Chocolate\",\"isPartOf\":{\"@id\":\"https:\/\/riosdechocolate.com\/#website\"},\"datePublished\":\"2023-09-22T12:46:55+00:00\",\"dateModified\":\"2025-08-19T12:22:59+00:00\",\"breadcrumb\":{\"@id\":\"https:\/\/riosdechocolate.com\/?page_id=69#breadcrumb\"},\"inLanguage\":\"es\",\"potentialAction\":[{\"@type\":\"ReadAction\",\"target\":[\"https:\/\/riosdechocolate.com\/?page_id=69\"]}]},{\"@type\":\"BreadcrumbList\",\"@id\":\"https:\/\/riosdechocolate.com\/?page_id=69#breadcrumb\",\"itemListElement\":[{\"@type\":\"ListItem\",\"position\":1,\"name\":\"Portada\",\"item\":\"https:\/\/riosdechocolate.com\/\"},{\"@type\":\"ListItem\",\"position\":2,\"name\":\"Cont\u00e1ctanos\"}]},{\"@type\":\"WebSite\",\"@id\":\"https:\/\/riosdechocolate.com\/#website\",\"url\":\"https:\/\/riosdechocolate.com\/\",\"name\":\"Rios de Chocolate\",\"description\":\"\u201cR\u00cdOS DE CHOCOLATE es un chocolate de mesa artesanal nacido en las tierras f\u00e9rtiles de Rionegro, Santander. Elaborado con cacao 100% colombiano, conserva la tradici\u00f3n y el sabor aut\u00e9ntico que une familias alrededor de una taza caliente llena de historia, amor y energ\u00eda.\u201d\",\"potentialAction\":[{\"@type\":\"SearchAction\",\"target\":{\"@type\":\"EntryPoint\",\"urlTemplate\":\"https:\/\/riosdechocolate.com\/?s={search_term_string}\"},\"query-input\":{\"@type\":\"PropertyValueSpecification\",\"valueRequired\":true,\"valueName\":\"search_term_string\"}}],\"inLanguage\":\"es\"}]}<\/script>\n<!-- \/ Yoast SEO plugin. -->","yoast_head_json":{"title":"Cont\u00e1ctanos - Rios de Chocolate","robots":{"index":"index","follow":"follow","max-snippet":"max-snippet:-1","max-image-preview":"max-image-preview:large","max-video-preview":"max-video-preview:-1"},"canonical":"https:\/\/riosdechocolate.com\/?page_id=69","og_locale":"es_ES","og_type":"article","og_title":"Cont\u00e1ctanos - Rios de Chocolate","og_description":"\u00bfNecesita m\u00e1s informaci\u00f3n ? Complete el formulario\u00a0 a continuaci\u00f3n \u00f3 haga click AQU\u00cd para escribir directamente a nuestro WhatsApp FORMULARIO DE CONTACTO Complete el siguiente formulario y le contactaremos lo antes posible a trav\u00e9s de su correo electr\u00f3nico. Est\u00e9 atento(a) a su bandeja de entrada. Datos de contacto: Correo Electr\u00f3nico: joaquinriosdechocolate@gmail.com Contactenos por Whatsapp o [&hellip;]","og_url":"https:\/\/riosdechocolate.com\/?page_id=69","og_site_name":"Rios de Chocolate","article_modified_time":"2025-08-19T12:22:59+00:00","twitter_card":"summary_large_image","schema":{"@context":"https:\/\/schema.org","@graph":[{"@type":"WebPage","@id":"https:\/\/riosdechocolate.com\/?page_id=69","url":"https:\/\/riosdechocolate.com\/?page_id=69","name":"Cont\u00e1ctanos - Rios de Chocolate","isPartOf":{"@id":"https:\/\/riosdechocolate.com\/#website"},"datePublished":"2023-09-22T12:46:55+00:00","dateModified":"2025-08-19T12:22:59+00:00","breadcrumb":{"@id":"https:\/\/riosdechocolate.com\/?page_id=69#breadcrumb"},"inLanguage":"es","potentialAction":[{"@type":"ReadAction","target":["https:\/\/riosdechocolate.com\/?page_id=69"]}]},{"@type":"BreadcrumbList","@id":"https:\/\/riosdechocolate.com\/?page_id=69#breadcrumb","itemListElement":[{"@type":"ListItem","position":1,"name":"Portada","item":"https:\/\/riosdechocolate.com\/"},{"@type":"ListItem","position":2,"name":"Cont\u00e1ctanos"}]},{"@type":"WebSite","@id":"https:\/\/riosdechocolate.com\/#website","url":"https:\/\/riosdechocolate.com\/","name":"Rios de Chocolate","description":"\u201cR\u00cdOS DE CHOCOLATE es un chocolate de mesa artesanal nacido en las tierras f\u00e9rtiles de Rionegro, Santander. Elaborado con cacao 100% colombiano, conserva la tradici\u00f3n y el sabor aut\u00e9ntico que une familias alrededor de una taza caliente llena de historia, amor y energ\u00eda.\u201d","potentialAction":[{"@type":"SearchAction","target":{"@type":"EntryPoint","urlTemplate":"https:\/\/riosdechocolate.com\/?s={search_term_string}"},"query-input":{"@type":"PropertyValueSpecification","valueRequired":true,"valueName":"search_term_string"}}],"inLanguage":"es"}]}},"_links":{"self":[{"href":"https:\/\/riosdechocolate.com\/index.php?rest_route=\/wp\/v2\/pages\/69","targetHints":{"allow":["GET"]}}],"collection":[{"href":"https:\/\/riosdechocolate.com\/index.php?rest_route=\/wp\/v2\/pages"}],"about":[{"href":"https:\/\/riosdechocolate.com\/index.php?rest_route=\/wp\/v2\/types\/page"}],"author":[{"embeddable":true,"href":"https:\/\/riosdechocolate.com\/index.php?rest_route=\/wp\/v2\/users\/2"}],"replies":[{"embeddable":true,"href":"https:\/\/riosdechocolate.com\/index.php?rest_route=%2Fwp%2Fv2%2Fcomments&post=69"}],"version-history":[{"count":0,"href":"https:\/\/riosdechocolate.com\/index.php?rest_route=\/wp\/v2\/pages\/69\/revisions"}],"wp:attachment":[{"href":"https:\/\/riosdechocolate.com\/index.php?rest_route=%2Fwp%2Fv2%2Fmedia&parent=69"}],"curies":[{"name":"wp","href":"https:\/\/api.w.org\/{rel}","templated":true}]}}