{"id":1466,"date":"2023-10-23T22:53:20","date_gmt":"2023-10-23T22:53:20","guid":{"rendered":"https:\/\/riosdechocolate.com\/?post_type=product&#038;p=1466"},"modified":"2025-08-18T17:01:22","modified_gmt":"2025-08-18T17:01:22","slug":"chocolatina-de-frutos-secos-1-2-libra","status":"publish","type":"product","link":"https:\/\/riosdechocolate.com\/?product=chocolatina-de-frutos-secos-1-2-libra","title":{"rendered":"Chocolate de mesa de 1\/2 Libra"},"content":{"rendered":"<p data-start=\"153\" data-end=\"195\"><strong data-start=\"155\" data-end=\"191\">R\u00cdOS DE CHOCOLATE \u2013 Tableta 250g<\/strong><\/p>\n<p data-start=\"197\" data-end=\"504\">Nuestro <strong data-start=\"205\" data-end=\"236\">Chocolate de Mesa 60% cacao<\/strong> combina la fuerza del grano de Rionegro, Santander, con la suavidad de la lecitina de soya y el dulzor equilibrado del az\u00facar. Es un chocolate aut\u00e9ntico, pensado para compartir en taza, que conserva la tradici\u00f3n artesanal y el poder energ\u00e9tico del cacao colombiano.<\/p>\n<p data-start=\"506\" data-end=\"630\"><strong data-start=\"509\" data-end=\"551\">El empaque tambi\u00e9n cuenta una historia<\/strong><br data-start=\"551\" data-end=\"554\" \/>Su dise\u00f1o en <strong data-start=\"567\" data-end=\"598\">morado y craquelado naranja<\/strong> refleja la esencia del cacao:<\/p>\n<ul data-start=\"631\" data-end=\"893\">\n<li data-start=\"631\" data-end=\"743\">\n<p data-start=\"633\" data-end=\"743\">El <strong data-start=\"636\" data-end=\"646\">morado<\/strong>, s\u00edmbolo del inicio de la fermentaci\u00f3n, cuando el grano comienza a transformarse en chocolate.<\/p>\n<\/li>\n<li data-start=\"744\" data-end=\"893\">\n<p data-start=\"746\" data-end=\"893\">El <strong data-start=\"749\" data-end=\"771\">naranja craquelado<\/strong>, inspirado en figuras ancestrales, representa la herencia cultural y el arte de convertir el cacao en alimento sagrado.<\/p>\n<\/li>\n<\/ul>\n<p data-start=\"895\" data-end=\"1028\">Cada tableta de 250g es un viaje a las ra\u00edces del cacao, una experiencia donde tradici\u00f3n y sabor se unen en cada taza de chocolate.<\/p>\n<p><img decoding=\"async\" class=\"alignnone size-medium wp-image-1523\" src=\"https:\/\/riosdechocolate.com\/wp-content\/uploads\/2025\/08\/chocolate-de-media-132x300.jpg\" alt=\"\" width=\"132\" height=\"300\" srcset=\"https:\/\/riosdechocolate.com\/wp-content\/uploads\/2025\/08\/chocolate-de-media-132x300.jpg 132w, https:\/\/riosdechocolate.com\/wp-content\/uploads\/2025\/08\/chocolate-de-media-600x1368.jpg 600w, https:\/\/riosdechocolate.com\/wp-content\/uploads\/2025\/08\/chocolate-de-media-449x1024.jpg 449w, https:\/\/riosdechocolate.com\/wp-content\/uploads\/2025\/08\/chocolate-de-media-674x1536.jpg 674w, https:\/\/riosdechocolate.com\/wp-content\/uploads\/2025\/08\/chocolate-de-media.jpg 702w\" sizes=\"(max-width: 132px) 100vw, 132px\" \/><\/p>\n","protected":false},"excerpt":{"rendered":"<p>R\u00cdOS DE CHOCOLATE \u2013 Tableta 250g Nuestro Chocolate de Mesa 60% cacao combina la fuerza del grano de Rionegro, Santander, con la suavidad de la lecitina de soya y el dulzor equilibrado del az\u00facar. Es un chocolate aut\u00e9ntico, pensado para compartir en taza, que conserva la tradici\u00f3n artesanal y el poder energ\u00e9tico del cacao colombiano. [&hellip;]<\/p>\n","protected":false},"featured_media":1523,"comment_status":"open","ping_status":"closed","template":"","meta":{"_joinchat":{"telephone":"+573158414955"}},"product_brand":[],"product_cat":[21,31],"product_tag":[24,25],"class_list":{"0":"post-1466","1":"product","2":"type-product","3":"status-publish","4":"has-post-thumbnail","6":"product_cat-cacao","7":"product_cat-chocolatina","8":"product_tag-cacao","9":"product_tag-chocolate","11":"first","12":"instock","13":"taxable","14":"shipping-taxable","15":"purchasable","16":"product-type-simple"},"yoast_head":"<!-- This site is optimized with the Yoast SEO plugin v26.8 - https:\/\/yoast.com\/product\/yoast-seo-wordpress\/ -->\n<title>Chocolate de mesa de 1\/2 Libra - Rios de Chocolate<\/title>\n<meta name=\"robots\" content=\"index, follow, max-snippet:-1, max-image-preview:large, max-video-preview:-1\" \/>\n<link rel=\"canonical\" href=\"https:\/\/riosdechocolate.com\/producto\/chocolatina-de-frutos-secos-1-2-libra\/\" \/>\n<meta property=\"og:locale\" content=\"es_ES\" \/>\n<meta property=\"og:type\" content=\"article\" \/>\n<meta property=\"og:title\" content=\"Chocolate de mesa de 1\/2 Libra - Rios de Chocolate\" \/>\n<meta property=\"og:description\" content=\"R\u00cdOS DE CHOCOLATE \u2013 Tableta 250g Nuestro Chocolate de Mesa 60% cacao combina la fuerza del grano de Rionegro, Santander, con la suavidad de la lecitina de soya y el dulzor equilibrado del az\u00facar. Es un chocolate aut\u00e9ntico, pensado para compartir en taza, que conserva la tradici\u00f3n artesanal y el poder energ\u00e9tico del cacao colombiano. [&hellip;]\" \/>\n<meta property=\"og:url\" content=\"https:\/\/riosdechocolate.com\/producto\/chocolatina-de-frutos-secos-1-2-libra\/\" \/>\n<meta property=\"og:site_name\" content=\"Rios de Chocolate\" \/>\n<meta property=\"article:modified_time\" content=\"2025-08-18T17:01:22+00:00\" \/>\n<meta property=\"og:image\" content=\"https:\/\/riosdechocolate.com\/wp-content\/uploads\/2025\/08\/chocolate-de-media.jpg\" \/>\n\t<meta property=\"og:image:width\" content=\"702\" \/>\n\t<meta property=\"og:image:height\" content=\"1600\" \/>\n\t<meta property=\"og:image:type\" content=\"image\/jpeg\" \/>\n<meta name=\"twitter:card\" content=\"summary_large_image\" \/>\n<meta name=\"twitter:label1\" content=\"Tiempo de lectura\" \/>\n\t<meta name=\"twitter:data1\" content=\"1 minuto\" \/>\n<script type=\"application\/ld+json\" class=\"yoast-schema-graph\">{\"@context\":\"https:\/\/schema.org\",\"@graph\":[{\"@type\":\"WebPage\",\"@id\":\"https:\/\/riosdechocolate.com\/producto\/chocolatina-de-frutos-secos-1-2-libra\/\",\"url\":\"https:\/\/riosdechocolate.com\/producto\/chocolatina-de-frutos-secos-1-2-libra\/\",\"name\":\"Chocolate de mesa de 1\/2 Libra - Rios de Chocolate\",\"isPartOf\":{\"@id\":\"https:\/\/riosdechocolate.com\/#website\"},\"primaryImageOfPage\":{\"@id\":\"https:\/\/riosdechocolate.com\/producto\/chocolatina-de-frutos-secos-1-2-libra\/#primaryimage\"},\"image\":{\"@id\":\"https:\/\/riosdechocolate.com\/producto\/chocolatina-de-frutos-secos-1-2-libra\/#primaryimage\"},\"thumbnailUrl\":\"https:\/\/riosdechocolate.com\/wp-content\/uploads\/2025\/08\/chocolate-de-media.jpg\",\"datePublished\":\"2023-10-23T22:53:20+00:00\",\"dateModified\":\"2025-08-18T17:01:22+00:00\",\"breadcrumb\":{\"@id\":\"https:\/\/riosdechocolate.com\/producto\/chocolatina-de-frutos-secos-1-2-libra\/#breadcrumb\"},\"inLanguage\":\"es\",\"potentialAction\":[{\"@type\":\"ReadAction\",\"target\":[\"https:\/\/riosdechocolate.com\/producto\/chocolatina-de-frutos-secos-1-2-libra\/\"]}]},{\"@type\":\"ImageObject\",\"inLanguage\":\"es\",\"@id\":\"https:\/\/riosdechocolate.com\/producto\/chocolatina-de-frutos-secos-1-2-libra\/#primaryimage\",\"url\":\"https:\/\/riosdechocolate.com\/wp-content\/uploads\/2025\/08\/chocolate-de-media.jpg\",\"contentUrl\":\"https:\/\/riosdechocolate.com\/wp-content\/uploads\/2025\/08\/chocolate-de-media.jpg\",\"width\":702,\"height\":1600,\"caption\":\"Nuestro Chocolate de Mesa 60% cacao combina la fuerza del grano de Rionegro, Santander, con la suavidad de la lecitina de soya y el dulzor equilibrado del az\u00facar. Es un chocolate aut\u00e9ntico, pensado para compartir en taza, que conserva la tradici\u00f3n artesanal y el poder energ\u00e9tico del cacao colombiano. \ud83c\udf08 El empaque tambi\u00e9n cuenta una historia Su dise\u00f1o en morado y craquelado naranja refleja la esencia del cacao: El morado, s\u00edmbolo del inicio de la fermentaci\u00f3n, cuando el grano comienza a transformarse en chocolate. El naranja craquelado, inspirado en figuras ancestrales, representa la herencia cultural y el arte de convertir el cacao en alimento sagrado. Cada tableta de 250g es un viaje a las ra\u00edces del cacao, una experiencia donde tradici\u00f3n y sabor se unen en cada taza de chocolate.\"},{\"@type\":\"BreadcrumbList\",\"@id\":\"https:\/\/riosdechocolate.com\/producto\/chocolatina-de-frutos-secos-1-2-libra\/#breadcrumb\",\"itemListElement\":[{\"@type\":\"ListItem\",\"position\":1,\"name\":\"Portada\",\"item\":\"https:\/\/riosdechocolate.com\/\"},{\"@type\":\"ListItem\",\"position\":2,\"name\":\"Productos\",\"item\":\"https:\/\/riosdechocolate.com\/shop\/\"},{\"@type\":\"ListItem\",\"position\":3,\"name\":\"Chocolate de mesa de 1\/2 Libra\"}]},{\"@type\":\"WebSite\",\"@id\":\"https:\/\/riosdechocolate.com\/#website\",\"url\":\"https:\/\/riosdechocolate.com\/\",\"name\":\"Rios de Chocolate\",\"description\":\"\u201cR\u00cdOS DE CHOCOLATE es un chocolate de mesa artesanal nacido en las tierras f\u00e9rtiles de Rionegro, Santander. Elaborado con cacao 100% colombiano, conserva la tradici\u00f3n y el sabor aut\u00e9ntico que une familias alrededor de una taza caliente llena de historia, amor y energ\u00eda.\u201d\",\"potentialAction\":[{\"@type\":\"SearchAction\",\"target\":{\"@type\":\"EntryPoint\",\"urlTemplate\":\"https:\/\/riosdechocolate.com\/?s={search_term_string}\"},\"query-input\":{\"@type\":\"PropertyValueSpecification\",\"valueRequired\":true,\"valueName\":\"search_term_string\"}}],\"inLanguage\":\"es\"}]}<\/script>\n<!-- \/ Yoast SEO plugin. -->","yoast_head_json":{"title":"Chocolate de mesa de 1\/2 Libra - Rios de Chocolate","robots":{"index":"index","follow":"follow","max-snippet":"max-snippet:-1","max-image-preview":"max-image-preview:large","max-video-preview":"max-video-preview:-1"},"canonical":"https:\/\/riosdechocolate.com\/producto\/chocolatina-de-frutos-secos-1-2-libra\/","og_locale":"es_ES","og_type":"article","og_title":"Chocolate de mesa de 1\/2 Libra - Rios de Chocolate","og_description":"R\u00cdOS DE CHOCOLATE \u2013 Tableta 250g Nuestro Chocolate de Mesa 60% cacao combina la fuerza del grano de Rionegro, Santander, con la suavidad de la lecitina de soya y el dulzor equilibrado del az\u00facar. Es un chocolate aut\u00e9ntico, pensado para compartir en taza, que conserva la tradici\u00f3n artesanal y el poder energ\u00e9tico del cacao colombiano. [&hellip;]","og_url":"https:\/\/riosdechocolate.com\/producto\/chocolatina-de-frutos-secos-1-2-libra\/","og_site_name":"Rios de Chocolate","article_modified_time":"2025-08-18T17:01:22+00:00","og_image":[{"width":702,"height":1600,"url":"https:\/\/riosdechocolate.com\/wp-content\/uploads\/2025\/08\/chocolate-de-media.jpg","type":"image\/jpeg"}],"twitter_card":"summary_large_image","twitter_misc":{"Tiempo de lectura":"1 minuto"},"schema":{"@context":"https:\/\/schema.org","@graph":[{"@type":"WebPage","@id":"https:\/\/riosdechocolate.com\/producto\/chocolatina-de-frutos-secos-1-2-libra\/","url":"https:\/\/riosdechocolate.com\/producto\/chocolatina-de-frutos-secos-1-2-libra\/","name":"Chocolate de mesa de 1\/2 Libra - Rios de Chocolate","isPartOf":{"@id":"https:\/\/riosdechocolate.com\/#website"},"primaryImageOfPage":{"@id":"https:\/\/riosdechocolate.com\/producto\/chocolatina-de-frutos-secos-1-2-libra\/#primaryimage"},"image":{"@id":"https:\/\/riosdechocolate.com\/producto\/chocolatina-de-frutos-secos-1-2-libra\/#primaryimage"},"thumbnailUrl":"https:\/\/riosdechocolate.com\/wp-content\/uploads\/2025\/08\/chocolate-de-media.jpg","datePublished":"2023-10-23T22:53:20+00:00","dateModified":"2025-08-18T17:01:22+00:00","breadcrumb":{"@id":"https:\/\/riosdechocolate.com\/producto\/chocolatina-de-frutos-secos-1-2-libra\/#breadcrumb"},"inLanguage":"es","potentialAction":[{"@type":"ReadAction","target":["https:\/\/riosdechocolate.com\/producto\/chocolatina-de-frutos-secos-1-2-libra\/"]}]},{"@type":"ImageObject","inLanguage":"es","@id":"https:\/\/riosdechocolate.com\/producto\/chocolatina-de-frutos-secos-1-2-libra\/#primaryimage","url":"https:\/\/riosdechocolate.com\/wp-content\/uploads\/2025\/08\/chocolate-de-media.jpg","contentUrl":"https:\/\/riosdechocolate.com\/wp-content\/uploads\/2025\/08\/chocolate-de-media.jpg","width":702,"height":1600,"caption":"Nuestro Chocolate de Mesa 60% cacao combina la fuerza del grano de Rionegro, Santander, con la suavidad de la lecitina de soya y el dulzor equilibrado del az\u00facar. Es un chocolate aut\u00e9ntico, pensado para compartir en taza, que conserva la tradici\u00f3n artesanal y el poder energ\u00e9tico del cacao colombiano. \ud83c\udf08 El empaque tambi\u00e9n cuenta una historia Su dise\u00f1o en morado y craquelado naranja refleja la esencia del cacao: El morado, s\u00edmbolo del inicio de la fermentaci\u00f3n, cuando el grano comienza a transformarse en chocolate. El naranja craquelado, inspirado en figuras ancestrales, representa la herencia cultural y el arte de convertir el cacao en alimento sagrado. Cada tableta de 250g es un viaje a las ra\u00edces del cacao, una experiencia donde tradici\u00f3n y sabor se unen en cada taza de chocolate."},{"@type":"BreadcrumbList","@id":"https:\/\/riosdechocolate.com\/producto\/chocolatina-de-frutos-secos-1-2-libra\/#breadcrumb","itemListElement":[{"@type":"ListItem","position":1,"name":"Portada","item":"https:\/\/riosdechocolate.com\/"},{"@type":"ListItem","position":2,"name":"Productos","item":"https:\/\/riosdechocolate.com\/shop\/"},{"@type":"ListItem","position":3,"name":"Chocolate de mesa de 1\/2 Libra"}]},{"@type":"WebSite","@id":"https:\/\/riosdechocolate.com\/#website","url":"https:\/\/riosdechocolate.com\/","name":"Rios de Chocolate","description":"\u201cR\u00cdOS DE CHOCOLATE es un chocolate de mesa artesanal nacido en las tierras f\u00e9rtiles de Rionegro, Santander. Elaborado con cacao 100% colombiano, conserva la tradici\u00f3n y el sabor aut\u00e9ntico que une familias alrededor de una taza caliente llena de historia, amor y energ\u00eda.\u201d","potentialAction":[{"@type":"SearchAction","target":{"@type":"EntryPoint","urlTemplate":"https:\/\/riosdechocolate.com\/?s={search_term_string}"},"query-input":{"@type":"PropertyValueSpecification","valueRequired":true,"valueName":"search_term_string"}}],"inLanguage":"es"}]}},"_links":{"self":[{"href":"https:\/\/riosdechocolate.com\/index.php?rest_route=\/wp\/v2\/product\/1466","targetHints":{"allow":["GET"]}}],"collection":[{"href":"https:\/\/riosdechocolate.com\/index.php?rest_route=\/wp\/v2\/product"}],"about":[{"href":"https:\/\/riosdechocolate.com\/index.php?rest_route=\/wp\/v2\/types\/product"}],"replies":[{"embeddable":true,"href":"https:\/\/riosdechocolate.com\/index.php?rest_route=%2Fwp%2Fv2%2Fcomments&post=1466"}],"version-history":[{"count":0,"href":"https:\/\/riosdechocolate.com\/index.php?rest_route=\/wp\/v2\/product\/1466\/revisions"}],"wp:featuredmedia":[{"embeddable":true,"href":"https:\/\/riosdechocolate.com\/index.php?rest_route=\/wp\/v2\/media\/1523"}],"wp:attachment":[{"href":"https:\/\/riosdechocolate.com\/index.php?rest_route=%2Fwp%2Fv2%2Fmedia&parent=1466"}],"wp:term":[{"taxonomy":"product_brand","embeddable":true,"href":"https:\/\/riosdechocolate.com\/index.php?rest_route=%2Fwp%2Fv2%2Fproduct_brand&post=1466"},{"taxonomy":"product_cat","embeddable":true,"href":"https:\/\/riosdechocolate.com\/index.php?rest_route=%2Fwp%2Fv2%2Fproduct_cat&post=1466"},{"taxonomy":"product_tag","embeddable":true,"href":"https:\/\/riosdechocolate.com\/index.php?rest_route=%2Fwp%2Fv2%2Fproduct_tag&post=1466"}],"curies":[{"name":"wp","href":"https:\/\/api.w.org\/{rel}","templated":true}]}}