{"id":408,"date":"2023-10-09T16:25:04","date_gmt":"2023-10-09T16:25:04","guid":{"rendered":"https:\/\/riosdechocolate.com\/?post_type=product&#038;p=408"},"modified":"2025-08-18T17:00:22","modified_gmt":"2025-08-18T17:00:22","slug":"1-libra-chocolate-de-mesa","status":"publish","type":"product","link":"https:\/\/riosdechocolate.com\/?product=1-libra-chocolate-de-mesa","title":{"rendered":"1 libra chocolate de mesa"},"content":{"rendered":"<p data-start=\"172\" data-end=\"224\"><strong data-start=\"174\" data-end=\"220\">R\u00cdOS DE CHOCOLATE \u2013 Tableta 1 libra (500g)<\/strong><\/p>\n<p data-start=\"226\" data-end=\"474\">Nuestro <strong data-start=\"234\" data-end=\"266\">Chocolate de Mesa de 1 libra<\/strong> es una celebraci\u00f3n del cacao santandereano en su m\u00e1xima expresi\u00f3n. Elaborado artesanalmente con cacao de Rionegro, se convierte en el aliado perfecto para compartir tradici\u00f3n, energ\u00eda y sabor en cada taza.<\/p>\n<p data-start=\"476\" data-end=\"522\"><strong data-start=\"479\" data-end=\"520\">El empaque tambi\u00e9n narra una historia<\/strong><\/p>\n<ul data-start=\"523\" data-end=\"814\">\n<li data-start=\"523\" data-end=\"656\">\n<p data-start=\"525\" data-end=\"656\">El <strong data-start=\"528\" data-end=\"541\">vinotinto<\/strong> simboliza el proceso de <strong data-start=\"566\" data-end=\"595\">secado del grano de cacao<\/strong>, una etapa esencial que concentra aromas y sabores \u00fanicos.<\/p>\n<\/li>\n<li data-start=\"657\" data-end=\"814\">\n<p data-start=\"659\" data-end=\"814\">El <strong data-start=\"662\" data-end=\"684\">naranja craquelado<\/strong> rinde homenaje al <strong data-start=\"703\" data-end=\"733\">origen ancestral del cacao<\/strong>, recordando que este alimento fue sagrado para las culturas que lo cultivaron.<\/p>\n<\/li>\n<\/ul>\n<p data-start=\"816\" data-end=\"984\">Cada caja de 500g guarda m\u00e1s que chocolate: encierra la historia de una tierra f\u00e9rtil, el trabajo de manos campesinas y la tradici\u00f3n que fluye como un r\u00edo de dulzura<\/p>\n","protected":false},"excerpt":{"rendered":"<p>Esta tableta de chocolate de mesa de 1 libra ofrece un nivel de sabor y placer excepcionales que te cautivar\u00e1n<\/p>\n","protected":false},"featured_media":1521,"comment_status":"open","ping_status":"closed","template":"","meta":{"_joinchat":{"telephone":"+573158414955"}},"product_brand":[],"product_cat":[21,23],"product_tag":[24,25,26],"class_list":{"0":"post-408","1":"product","2":"type-product","3":"status-publish","4":"has-post-thumbnail","6":"product_cat-cacao","7":"product_cat-chocolate-de-mesa","8":"product_tag-cacao","9":"product_tag-chocolate","10":"product_tag-chocolate-de-mesa","12":"first","13":"instock","14":"virtual","15":"taxable","16":"purchasable","17":"product-type-simple"},"yoast_head":"<!-- This site is optimized with the Yoast SEO plugin v26.8 - https:\/\/yoast.com\/product\/yoast-seo-wordpress\/ -->\n<title>1 libra chocolate de mesa - Rios de Chocolate<\/title>\n<meta name=\"robots\" content=\"index, follow, max-snippet:-1, max-image-preview:large, max-video-preview:-1\" \/>\n<link rel=\"canonical\" href=\"https:\/\/riosdechocolate.com\/producto\/1-libra-chocolate-de-mesa\/\" \/>\n<meta property=\"og:locale\" content=\"es_ES\" \/>\n<meta property=\"og:type\" content=\"article\" \/>\n<meta property=\"og:title\" content=\"1 libra chocolate de mesa - Rios de Chocolate\" \/>\n<meta property=\"og:description\" content=\"Esta tableta de chocolate de mesa de 1 libra ofrece un nivel de sabor y placer excepcionales que te cautivar\u00e1n\" \/>\n<meta property=\"og:url\" content=\"https:\/\/riosdechocolate.com\/producto\/1-libra-chocolate-de-mesa\/\" \/>\n<meta property=\"og:site_name\" content=\"Rios de Chocolate\" \/>\n<meta property=\"article:modified_time\" content=\"2025-08-18T17:00:22+00:00\" \/>\n<meta property=\"og:image\" content=\"https:\/\/riosdechocolate.com\/wp-content\/uploads\/2025\/08\/chocolate-de-libra.jpg\" \/>\n\t<meta property=\"og:image:width\" content=\"1204\" \/>\n\t<meta property=\"og:image:height\" content=\"1600\" \/>\n\t<meta property=\"og:image:type\" content=\"image\/jpeg\" \/>\n<meta name=\"twitter:card\" content=\"summary_large_image\" \/>\n<meta name=\"twitter:label1\" content=\"Tiempo de lectura\" \/>\n\t<meta name=\"twitter:data1\" content=\"1 minuto\" \/>\n<script type=\"application\/ld+json\" class=\"yoast-schema-graph\">{\"@context\":\"https:\/\/schema.org\",\"@graph\":[{\"@type\":\"WebPage\",\"@id\":\"https:\/\/riosdechocolate.com\/producto\/1-libra-chocolate-de-mesa\/\",\"url\":\"https:\/\/riosdechocolate.com\/producto\/1-libra-chocolate-de-mesa\/\",\"name\":\"1 libra chocolate de mesa - Rios de Chocolate\",\"isPartOf\":{\"@id\":\"https:\/\/riosdechocolate.com\/#website\"},\"primaryImageOfPage\":{\"@id\":\"https:\/\/riosdechocolate.com\/producto\/1-libra-chocolate-de-mesa\/#primaryimage\"},\"image\":{\"@id\":\"https:\/\/riosdechocolate.com\/producto\/1-libra-chocolate-de-mesa\/#primaryimage\"},\"thumbnailUrl\":\"https:\/\/riosdechocolate.com\/wp-content\/uploads\/2025\/08\/chocolate-de-libra.jpg\",\"datePublished\":\"2023-10-09T16:25:04+00:00\",\"dateModified\":\"2025-08-18T17:00:22+00:00\",\"breadcrumb\":{\"@id\":\"https:\/\/riosdechocolate.com\/producto\/1-libra-chocolate-de-mesa\/#breadcrumb\"},\"inLanguage\":\"es\",\"potentialAction\":[{\"@type\":\"ReadAction\",\"target\":[\"https:\/\/riosdechocolate.com\/producto\/1-libra-chocolate-de-mesa\/\"]}]},{\"@type\":\"ImageObject\",\"inLanguage\":\"es\",\"@id\":\"https:\/\/riosdechocolate.com\/producto\/1-libra-chocolate-de-mesa\/#primaryimage\",\"url\":\"https:\/\/riosdechocolate.com\/wp-content\/uploads\/2025\/08\/chocolate-de-libra.jpg\",\"contentUrl\":\"https:\/\/riosdechocolate.com\/wp-content\/uploads\/2025\/08\/chocolate-de-libra.jpg\",\"width\":1204,\"height\":1600,\"caption\":\"Nuestro Chocolate de Mesa de 1 libra es la expresi\u00f3n aut\u00e9ntica del cacao santandereano. Hecho con dedicaci\u00f3n artesanal, re\u00fane tradici\u00f3n, energ\u00eda y sabor para disfrutar en cada taza. Su empaque tiene historia: El vinotinto simboliza el secado del grano de cacao, donde se concentran sus aromas y car\u00e1cter. El naranja craquelado rinde homenaje al origen ancestral del cacao, alimento sagrado y legado cultural. Cada caja de 500g guarda la esencia de nuestra tierra y el amor por el cacao que fluye como un r\u00edo de chocolate.\"},{\"@type\":\"BreadcrumbList\",\"@id\":\"https:\/\/riosdechocolate.com\/producto\/1-libra-chocolate-de-mesa\/#breadcrumb\",\"itemListElement\":[{\"@type\":\"ListItem\",\"position\":1,\"name\":\"Portada\",\"item\":\"https:\/\/riosdechocolate.com\/\"},{\"@type\":\"ListItem\",\"position\":2,\"name\":\"Productos\",\"item\":\"https:\/\/riosdechocolate.com\/shop\/\"},{\"@type\":\"ListItem\",\"position\":3,\"name\":\"1 libra chocolate de mesa\"}]},{\"@type\":\"WebSite\",\"@id\":\"https:\/\/riosdechocolate.com\/#website\",\"url\":\"https:\/\/riosdechocolate.com\/\",\"name\":\"Rios de Chocolate\",\"description\":\"\u201cR\u00cdOS DE CHOCOLATE es un chocolate de mesa artesanal nacido en las tierras f\u00e9rtiles de Rionegro, Santander. Elaborado con cacao 100% colombiano, conserva la tradici\u00f3n y el sabor aut\u00e9ntico que une familias alrededor de una taza caliente llena de historia, amor y energ\u00eda.\u201d\",\"potentialAction\":[{\"@type\":\"SearchAction\",\"target\":{\"@type\":\"EntryPoint\",\"urlTemplate\":\"https:\/\/riosdechocolate.com\/?s={search_term_string}\"},\"query-input\":{\"@type\":\"PropertyValueSpecification\",\"valueRequired\":true,\"valueName\":\"search_term_string\"}}],\"inLanguage\":\"es\"}]}<\/script>\n<!-- \/ Yoast SEO plugin. -->","yoast_head_json":{"title":"1 libra chocolate de mesa - Rios de Chocolate","robots":{"index":"index","follow":"follow","max-snippet":"max-snippet:-1","max-image-preview":"max-image-preview:large","max-video-preview":"max-video-preview:-1"},"canonical":"https:\/\/riosdechocolate.com\/producto\/1-libra-chocolate-de-mesa\/","og_locale":"es_ES","og_type":"article","og_title":"1 libra chocolate de mesa - Rios de Chocolate","og_description":"Esta tableta de chocolate de mesa de 1 libra ofrece un nivel de sabor y placer excepcionales que te cautivar\u00e1n","og_url":"https:\/\/riosdechocolate.com\/producto\/1-libra-chocolate-de-mesa\/","og_site_name":"Rios de Chocolate","article_modified_time":"2025-08-18T17:00:22+00:00","og_image":[{"width":1204,"height":1600,"url":"https:\/\/riosdechocolate.com\/wp-content\/uploads\/2025\/08\/chocolate-de-libra.jpg","type":"image\/jpeg"}],"twitter_card":"summary_large_image","twitter_misc":{"Tiempo de lectura":"1 minuto"},"schema":{"@context":"https:\/\/schema.org","@graph":[{"@type":"WebPage","@id":"https:\/\/riosdechocolate.com\/producto\/1-libra-chocolate-de-mesa\/","url":"https:\/\/riosdechocolate.com\/producto\/1-libra-chocolate-de-mesa\/","name":"1 libra chocolate de mesa - Rios de Chocolate","isPartOf":{"@id":"https:\/\/riosdechocolate.com\/#website"},"primaryImageOfPage":{"@id":"https:\/\/riosdechocolate.com\/producto\/1-libra-chocolate-de-mesa\/#primaryimage"},"image":{"@id":"https:\/\/riosdechocolate.com\/producto\/1-libra-chocolate-de-mesa\/#primaryimage"},"thumbnailUrl":"https:\/\/riosdechocolate.com\/wp-content\/uploads\/2025\/08\/chocolate-de-libra.jpg","datePublished":"2023-10-09T16:25:04+00:00","dateModified":"2025-08-18T17:00:22+00:00","breadcrumb":{"@id":"https:\/\/riosdechocolate.com\/producto\/1-libra-chocolate-de-mesa\/#breadcrumb"},"inLanguage":"es","potentialAction":[{"@type":"ReadAction","target":["https:\/\/riosdechocolate.com\/producto\/1-libra-chocolate-de-mesa\/"]}]},{"@type":"ImageObject","inLanguage":"es","@id":"https:\/\/riosdechocolate.com\/producto\/1-libra-chocolate-de-mesa\/#primaryimage","url":"https:\/\/riosdechocolate.com\/wp-content\/uploads\/2025\/08\/chocolate-de-libra.jpg","contentUrl":"https:\/\/riosdechocolate.com\/wp-content\/uploads\/2025\/08\/chocolate-de-libra.jpg","width":1204,"height":1600,"caption":"Nuestro Chocolate de Mesa de 1 libra es la expresi\u00f3n aut\u00e9ntica del cacao santandereano. Hecho con dedicaci\u00f3n artesanal, re\u00fane tradici\u00f3n, energ\u00eda y sabor para disfrutar en cada taza. Su empaque tiene historia: El vinotinto simboliza el secado del grano de cacao, donde se concentran sus aromas y car\u00e1cter. El naranja craquelado rinde homenaje al origen ancestral del cacao, alimento sagrado y legado cultural. Cada caja de 500g guarda la esencia de nuestra tierra y el amor por el cacao que fluye como un r\u00edo de chocolate."},{"@type":"BreadcrumbList","@id":"https:\/\/riosdechocolate.com\/producto\/1-libra-chocolate-de-mesa\/#breadcrumb","itemListElement":[{"@type":"ListItem","position":1,"name":"Portada","item":"https:\/\/riosdechocolate.com\/"},{"@type":"ListItem","position":2,"name":"Productos","item":"https:\/\/riosdechocolate.com\/shop\/"},{"@type":"ListItem","position":3,"name":"1 libra chocolate de mesa"}]},{"@type":"WebSite","@id":"https:\/\/riosdechocolate.com\/#website","url":"https:\/\/riosdechocolate.com\/","name":"Rios de Chocolate","description":"\u201cR\u00cdOS DE CHOCOLATE es un chocolate de mesa artesanal nacido en las tierras f\u00e9rtiles de Rionegro, Santander. Elaborado con cacao 100% colombiano, conserva la tradici\u00f3n y el sabor aut\u00e9ntico que une familias alrededor de una taza caliente llena de historia, amor y energ\u00eda.\u201d","potentialAction":[{"@type":"SearchAction","target":{"@type":"EntryPoint","urlTemplate":"https:\/\/riosdechocolate.com\/?s={search_term_string}"},"query-input":{"@type":"PropertyValueSpecification","valueRequired":true,"valueName":"search_term_string"}}],"inLanguage":"es"}]}},"_links":{"self":[{"href":"https:\/\/riosdechocolate.com\/index.php?rest_route=\/wp\/v2\/product\/408","targetHints":{"allow":["GET"]}}],"collection":[{"href":"https:\/\/riosdechocolate.com\/index.php?rest_route=\/wp\/v2\/product"}],"about":[{"href":"https:\/\/riosdechocolate.com\/index.php?rest_route=\/wp\/v2\/types\/product"}],"replies":[{"embeddable":true,"href":"https:\/\/riosdechocolate.com\/index.php?rest_route=%2Fwp%2Fv2%2Fcomments&post=408"}],"version-history":[{"count":0,"href":"https:\/\/riosdechocolate.com\/index.php?rest_route=\/wp\/v2\/product\/408\/revisions"}],"wp:featuredmedia":[{"embeddable":true,"href":"https:\/\/riosdechocolate.com\/index.php?rest_route=\/wp\/v2\/media\/1521"}],"wp:attachment":[{"href":"https:\/\/riosdechocolate.com\/index.php?rest_route=%2Fwp%2Fv2%2Fmedia&parent=408"}],"wp:term":[{"taxonomy":"product_brand","embeddable":true,"href":"https:\/\/riosdechocolate.com\/index.php?rest_route=%2Fwp%2Fv2%2Fproduct_brand&post=408"},{"taxonomy":"product_cat","embeddable":true,"href":"https:\/\/riosdechocolate.com\/index.php?rest_route=%2Fwp%2Fv2%2Fproduct_cat&post=408"},{"taxonomy":"product_tag","embeddable":true,"href":"https:\/\/riosdechocolate.com\/index.php?rest_route=%2Fwp%2Fv2%2Fproduct_tag&post=408"}],"curies":[{"name":"wp","href":"https:\/\/api.w.org\/{rel}","templated":true}]}}