{"id":411,"date":"2023-10-09T16:55:04","date_gmt":"2023-10-09T16:55:04","guid":{"rendered":"https:\/\/riosdechocolate.com\/?post_type=product&#038;p=411"},"modified":"2025-08-18T17:01:54","modified_gmt":"2025-08-18T17:01:54","slug":"chocolate-de-mesa-25-unidades","status":"publish","type":"product","link":"https:\/\/riosdechocolate.com\/?product=chocolate-de-mesa-25-unidades","title":{"rendered":"Chocolate de mesa 25 Unidades"},"content":{"rendered":"<p data-start=\"172\" data-end=\"224\"><strong data-start=\"174\" data-end=\"220\">R\u00cdOS DE CHOCOLATE \u2013 Tableta 1 libra (500g)<\/strong><\/p>\n<p data-start=\"226\" data-end=\"474\">Nuestro <strong data-start=\"234\" data-end=\"266\">Chocolate de Mesa de 1 libra<\/strong> es una celebraci\u00f3n del cacao santandereano en su m\u00e1xima expresi\u00f3n. Elaborado artesanalmente con cacao de Rionegro, se convierte en el aliado perfecto para compartir tradici\u00f3n, energ\u00eda y sabor en cada taza.<\/p>\n<p data-start=\"476\" data-end=\"522\"><strong data-start=\"479\" data-end=\"520\">El empaque tambi\u00e9n narra una historia<\/strong><\/p>\n<ul data-start=\"523\" data-end=\"814\">\n<li data-start=\"523\" data-end=\"656\">\n<p data-start=\"525\" data-end=\"656\">El <strong data-start=\"528\" data-end=\"541\">vinotinto<\/strong> simboliza el proceso de <strong data-start=\"566\" data-end=\"595\">secado del grano de cacao<\/strong>, una etapa esencial que concentra aromas y sabores \u00fanicos.<\/p>\n<\/li>\n<li data-start=\"657\" data-end=\"814\">\n<p data-start=\"659\" data-end=\"814\">El <strong data-start=\"662\" data-end=\"684\">naranja craquelado<\/strong> rinde homenaje al <strong data-start=\"703\" data-end=\"733\">origen ancestral del cacao<\/strong>, recordando que este alimento fue sagrado para las culturas que lo cultivaron.<\/p>\n<\/li>\n<\/ul>\n<p data-start=\"816\" data-end=\"984\">Cada caja de 500g guarda m\u00e1s que chocolate: encierra la historia de una tierra f\u00e9rtil, el trabajo de manos campesinas y la tradici\u00f3n que fluye como un r\u00edo de dulzura.<\/p>\n<p>En resumen, nuestra Caja al Mayor de 25 Unidades de Tablas de Chocolate de Mesa de 1 Libra, marca \u00abRios de Chocolate\u00bb, es la elecci\u00f3n definitiva para quienes buscan un chocolate excepcional tanto para consumo personal como para un negocio de reventa exitoso. Experimenta el lujo del chocolate de calidad superior en cada pedazo y descubre por qu\u00e9 nuestros productos son apreciados por los amantes del chocolate en todo el mundo. Este es tu pasaporte a un mundo de sabor inigualable y ventajoso en todos los sentidos<\/p>\n","protected":false},"excerpt":{"rendered":"<p>Sum\u00e9rgete en la exquisitez del chocolate con nuestras Tablas de Chocolate de Mesa de 1 Libra, marca \u00abRios de Chocolate\u00bb. Elaboradas con el cacao m\u00e1s fino de Rio Negro, Santander, cada pedazo es un deleite cremoso y sabroso. Perfectas para disfrutar en solitario o compartir en ocasiones especiales. Tambi\u00e9n son una opci\u00f3n ventajosa para negocios de reventa. Descubre el sabor excepcional en cada bocado.<\/p>\n","protected":false},"featured_media":1521,"comment_status":"open","ping_status":"closed","template":"","meta":{"_joinchat":{"telephone":"+573203972637","message_text":"\u00a1No te quedes sin el tuyo! Reserva hoy tu chocolate R\u00edos de Chocolate","message_send":"\u00a1Hola! Gracias por escribirnos a R\u00edos de Chocolate \ud83c\udf6b. Somos sabor artesanal de Rionegro, Santander. \u00bfQuieres conocer nuestras presentaciones y precios?"}},"product_brand":[],"product_cat":[21,23,20],"product_tag":[24,25,26],"class_list":{"0":"post-411","1":"product","2":"type-product","3":"status-publish","4":"has-post-thumbnail","6":"product_cat-cacao","7":"product_cat-chocolate-de-mesa","8":"product_cat-sin-categorizar","9":"product_tag-cacao","10":"product_tag-chocolate","11":"product_tag-chocolate-de-mesa","13":"first","14":"instock","15":"taxable","16":"shipping-taxable","17":"purchasable","18":"product-type-simple"},"yoast_head":"<!-- This site is optimized with the Yoast SEO plugin v26.8 - https:\/\/yoast.com\/product\/yoast-seo-wordpress\/ -->\n<title>Chocolate de mesa 25 Unidades - Rios de Chocolate<\/title>\n<meta name=\"robots\" content=\"index, follow, max-snippet:-1, max-image-preview:large, max-video-preview:-1\" \/>\n<link rel=\"canonical\" href=\"https:\/\/riosdechocolate.com\/producto\/chocolate-de-mesa-25-unidades\/\" \/>\n<meta property=\"og:locale\" content=\"es_ES\" \/>\n<meta property=\"og:type\" content=\"article\" \/>\n<meta property=\"og:title\" content=\"Chocolate de mesa 25 Unidades - Rios de Chocolate\" \/>\n<meta property=\"og:description\" content=\"Sum\u00e9rgete en la exquisitez del chocolate con nuestras Tablas de Chocolate de Mesa de 1 Libra, marca &quot;Rios de Chocolate&quot;. Elaboradas con el cacao m\u00e1s fino de Rio Negro, Santander, cada pedazo es un deleite cremoso y sabroso. Perfectas para disfrutar en solitario o compartir en ocasiones especiales. Tambi\u00e9n son una opci\u00f3n ventajosa para negocios de reventa. Descubre el sabor excepcional en cada bocado.\" \/>\n<meta property=\"og:url\" content=\"https:\/\/riosdechocolate.com\/producto\/chocolate-de-mesa-25-unidades\/\" \/>\n<meta property=\"og:site_name\" content=\"Rios de Chocolate\" \/>\n<meta property=\"article:modified_time\" content=\"2025-08-18T17:01:54+00:00\" \/>\n<meta property=\"og:image\" content=\"https:\/\/riosdechocolate.com\/wp-content\/uploads\/2025\/08\/chocolate-de-libra.jpg\" \/>\n\t<meta property=\"og:image:width\" content=\"1204\" \/>\n\t<meta property=\"og:image:height\" content=\"1600\" \/>\n\t<meta property=\"og:image:type\" content=\"image\/jpeg\" \/>\n<meta name=\"twitter:card\" content=\"summary_large_image\" \/>\n<meta name=\"twitter:label1\" content=\"Tiempo de lectura\" \/>\n\t<meta name=\"twitter:data1\" content=\"1 minuto\" \/>\n<script type=\"application\/ld+json\" class=\"yoast-schema-graph\">{\"@context\":\"https:\/\/schema.org\",\"@graph\":[{\"@type\":\"WebPage\",\"@id\":\"https:\/\/riosdechocolate.com\/producto\/chocolate-de-mesa-25-unidades\/\",\"url\":\"https:\/\/riosdechocolate.com\/producto\/chocolate-de-mesa-25-unidades\/\",\"name\":\"Chocolate de mesa 25 Unidades - Rios de Chocolate\",\"isPartOf\":{\"@id\":\"https:\/\/riosdechocolate.com\/#website\"},\"primaryImageOfPage\":{\"@id\":\"https:\/\/riosdechocolate.com\/producto\/chocolate-de-mesa-25-unidades\/#primaryimage\"},\"image\":{\"@id\":\"https:\/\/riosdechocolate.com\/producto\/chocolate-de-mesa-25-unidades\/#primaryimage\"},\"thumbnailUrl\":\"https:\/\/riosdechocolate.com\/wp-content\/uploads\/2025\/08\/chocolate-de-libra.jpg\",\"datePublished\":\"2023-10-09T16:55:04+00:00\",\"dateModified\":\"2025-08-18T17:01:54+00:00\",\"breadcrumb\":{\"@id\":\"https:\/\/riosdechocolate.com\/producto\/chocolate-de-mesa-25-unidades\/#breadcrumb\"},\"inLanguage\":\"es\",\"potentialAction\":[{\"@type\":\"ReadAction\",\"target\":[\"https:\/\/riosdechocolate.com\/producto\/chocolate-de-mesa-25-unidades\/\"]}]},{\"@type\":\"ImageObject\",\"inLanguage\":\"es\",\"@id\":\"https:\/\/riosdechocolate.com\/producto\/chocolate-de-mesa-25-unidades\/#primaryimage\",\"url\":\"https:\/\/riosdechocolate.com\/wp-content\/uploads\/2025\/08\/chocolate-de-libra.jpg\",\"contentUrl\":\"https:\/\/riosdechocolate.com\/wp-content\/uploads\/2025\/08\/chocolate-de-libra.jpg\",\"width\":1204,\"height\":1600,\"caption\":\"Nuestro Chocolate de Mesa de 1 libra es la expresi\u00f3n aut\u00e9ntica del cacao santandereano. Hecho con dedicaci\u00f3n artesanal, re\u00fane tradici\u00f3n, energ\u00eda y sabor para disfrutar en cada taza. Su empaque tiene historia: El vinotinto simboliza el secado del grano de cacao, donde se concentran sus aromas y car\u00e1cter. El naranja craquelado rinde homenaje al origen ancestral del cacao, alimento sagrado y legado cultural. Cada caja de 500g guarda la esencia de nuestra tierra y el amor por el cacao que fluye como un r\u00edo de chocolate.\"},{\"@type\":\"BreadcrumbList\",\"@id\":\"https:\/\/riosdechocolate.com\/producto\/chocolate-de-mesa-25-unidades\/#breadcrumb\",\"itemListElement\":[{\"@type\":\"ListItem\",\"position\":1,\"name\":\"Portada\",\"item\":\"https:\/\/riosdechocolate.com\/\"},{\"@type\":\"ListItem\",\"position\":2,\"name\":\"Productos\",\"item\":\"https:\/\/riosdechocolate.com\/shop\/\"},{\"@type\":\"ListItem\",\"position\":3,\"name\":\"Chocolate de mesa 25 Unidades\"}]},{\"@type\":\"WebSite\",\"@id\":\"https:\/\/riosdechocolate.com\/#website\",\"url\":\"https:\/\/riosdechocolate.com\/\",\"name\":\"Rios de Chocolate\",\"description\":\"\u201cR\u00cdOS DE CHOCOLATE es un chocolate de mesa artesanal nacido en las tierras f\u00e9rtiles de Rionegro, Santander. Elaborado con cacao 100% colombiano, conserva la tradici\u00f3n y el sabor aut\u00e9ntico que une familias alrededor de una taza caliente llena de historia, amor y energ\u00eda.\u201d\",\"potentialAction\":[{\"@type\":\"SearchAction\",\"target\":{\"@type\":\"EntryPoint\",\"urlTemplate\":\"https:\/\/riosdechocolate.com\/?s={search_term_string}\"},\"query-input\":{\"@type\":\"PropertyValueSpecification\",\"valueRequired\":true,\"valueName\":\"search_term_string\"}}],\"inLanguage\":\"es\"}]}<\/script>\n<!-- \/ Yoast SEO plugin. -->","yoast_head_json":{"title":"Chocolate de mesa 25 Unidades - Rios de Chocolate","robots":{"index":"index","follow":"follow","max-snippet":"max-snippet:-1","max-image-preview":"max-image-preview:large","max-video-preview":"max-video-preview:-1"},"canonical":"https:\/\/riosdechocolate.com\/producto\/chocolate-de-mesa-25-unidades\/","og_locale":"es_ES","og_type":"article","og_title":"Chocolate de mesa 25 Unidades - Rios de Chocolate","og_description":"Sum\u00e9rgete en la exquisitez del chocolate con nuestras Tablas de Chocolate de Mesa de 1 Libra, marca \"Rios de Chocolate\". Elaboradas con el cacao m\u00e1s fino de Rio Negro, Santander, cada pedazo es un deleite cremoso y sabroso. Perfectas para disfrutar en solitario o compartir en ocasiones especiales. Tambi\u00e9n son una opci\u00f3n ventajosa para negocios de reventa. Descubre el sabor excepcional en cada bocado.","og_url":"https:\/\/riosdechocolate.com\/producto\/chocolate-de-mesa-25-unidades\/","og_site_name":"Rios de Chocolate","article_modified_time":"2025-08-18T17:01:54+00:00","og_image":[{"width":1204,"height":1600,"url":"https:\/\/riosdechocolate.com\/wp-content\/uploads\/2025\/08\/chocolate-de-libra.jpg","type":"image\/jpeg"}],"twitter_card":"summary_large_image","twitter_misc":{"Tiempo de lectura":"1 minuto"},"schema":{"@context":"https:\/\/schema.org","@graph":[{"@type":"WebPage","@id":"https:\/\/riosdechocolate.com\/producto\/chocolate-de-mesa-25-unidades\/","url":"https:\/\/riosdechocolate.com\/producto\/chocolate-de-mesa-25-unidades\/","name":"Chocolate de mesa 25 Unidades - Rios de Chocolate","isPartOf":{"@id":"https:\/\/riosdechocolate.com\/#website"},"primaryImageOfPage":{"@id":"https:\/\/riosdechocolate.com\/producto\/chocolate-de-mesa-25-unidades\/#primaryimage"},"image":{"@id":"https:\/\/riosdechocolate.com\/producto\/chocolate-de-mesa-25-unidades\/#primaryimage"},"thumbnailUrl":"https:\/\/riosdechocolate.com\/wp-content\/uploads\/2025\/08\/chocolate-de-libra.jpg","datePublished":"2023-10-09T16:55:04+00:00","dateModified":"2025-08-18T17:01:54+00:00","breadcrumb":{"@id":"https:\/\/riosdechocolate.com\/producto\/chocolate-de-mesa-25-unidades\/#breadcrumb"},"inLanguage":"es","potentialAction":[{"@type":"ReadAction","target":["https:\/\/riosdechocolate.com\/producto\/chocolate-de-mesa-25-unidades\/"]}]},{"@type":"ImageObject","inLanguage":"es","@id":"https:\/\/riosdechocolate.com\/producto\/chocolate-de-mesa-25-unidades\/#primaryimage","url":"https:\/\/riosdechocolate.com\/wp-content\/uploads\/2025\/08\/chocolate-de-libra.jpg","contentUrl":"https:\/\/riosdechocolate.com\/wp-content\/uploads\/2025\/08\/chocolate-de-libra.jpg","width":1204,"height":1600,"caption":"Nuestro Chocolate de Mesa de 1 libra es la expresi\u00f3n aut\u00e9ntica del cacao santandereano. Hecho con dedicaci\u00f3n artesanal, re\u00fane tradici\u00f3n, energ\u00eda y sabor para disfrutar en cada taza. Su empaque tiene historia: El vinotinto simboliza el secado del grano de cacao, donde se concentran sus aromas y car\u00e1cter. El naranja craquelado rinde homenaje al origen ancestral del cacao, alimento sagrado y legado cultural. Cada caja de 500g guarda la esencia de nuestra tierra y el amor por el cacao que fluye como un r\u00edo de chocolate."},{"@type":"BreadcrumbList","@id":"https:\/\/riosdechocolate.com\/producto\/chocolate-de-mesa-25-unidades\/#breadcrumb","itemListElement":[{"@type":"ListItem","position":1,"name":"Portada","item":"https:\/\/riosdechocolate.com\/"},{"@type":"ListItem","position":2,"name":"Productos","item":"https:\/\/riosdechocolate.com\/shop\/"},{"@type":"ListItem","position":3,"name":"Chocolate de mesa 25 Unidades"}]},{"@type":"WebSite","@id":"https:\/\/riosdechocolate.com\/#website","url":"https:\/\/riosdechocolate.com\/","name":"Rios de Chocolate","description":"\u201cR\u00cdOS DE CHOCOLATE es un chocolate de mesa artesanal nacido en las tierras f\u00e9rtiles de Rionegro, Santander. Elaborado con cacao 100% colombiano, conserva la tradici\u00f3n y el sabor aut\u00e9ntico que une familias alrededor de una taza caliente llena de historia, amor y energ\u00eda.\u201d","potentialAction":[{"@type":"SearchAction","target":{"@type":"EntryPoint","urlTemplate":"https:\/\/riosdechocolate.com\/?s={search_term_string}"},"query-input":{"@type":"PropertyValueSpecification","valueRequired":true,"valueName":"search_term_string"}}],"inLanguage":"es"}]}},"_links":{"self":[{"href":"https:\/\/riosdechocolate.com\/index.php?rest_route=\/wp\/v2\/product\/411","targetHints":{"allow":["GET"]}}],"collection":[{"href":"https:\/\/riosdechocolate.com\/index.php?rest_route=\/wp\/v2\/product"}],"about":[{"href":"https:\/\/riosdechocolate.com\/index.php?rest_route=\/wp\/v2\/types\/product"}],"replies":[{"embeddable":true,"href":"https:\/\/riosdechocolate.com\/index.php?rest_route=%2Fwp%2Fv2%2Fcomments&post=411"}],"version-history":[{"count":0,"href":"https:\/\/riosdechocolate.com\/index.php?rest_route=\/wp\/v2\/product\/411\/revisions"}],"wp:featuredmedia":[{"embeddable":true,"href":"https:\/\/riosdechocolate.com\/index.php?rest_route=\/wp\/v2\/media\/1521"}],"wp:attachment":[{"href":"https:\/\/riosdechocolate.com\/index.php?rest_route=%2Fwp%2Fv2%2Fmedia&parent=411"}],"wp:term":[{"taxonomy":"product_brand","embeddable":true,"href":"https:\/\/riosdechocolate.com\/index.php?rest_route=%2Fwp%2Fv2%2Fproduct_brand&post=411"},{"taxonomy":"product_cat","embeddable":true,"href":"https:\/\/riosdechocolate.com\/index.php?rest_route=%2Fwp%2Fv2%2Fproduct_cat&post=411"},{"taxonomy":"product_tag","embeddable":true,"href":"https:\/\/riosdechocolate.com\/index.php?rest_route=%2Fwp%2Fv2%2Fproduct_tag&post=411"}],"curies":[{"name":"wp","href":"https:\/\/api.w.org\/{rel}","templated":true}]}}